{"id":2763,"date":"2025-12-19T10:11:03","date_gmt":"2025-12-19T09:11:03","guid":{"rendered":"https:\/\/www.dghub.de\/?page_id=2763"},"modified":"2025-12-19T10:17:28","modified_gmt":"2025-12-19T09:17:28","slug":"nutzungsvertrag-vermietungen","status":"publish","type":"page","link":"https:\/\/www.dghub.de\/?page_id=2763","title":{"rendered":"Nutzungsvertrag &#8211; Vermietungen"},"content":{"rendered":"\n<p>Sie m\u00f6chten unsere R\u00e4umlichkeiten mieten? Gerne! Dann f\u00fcllen Sie diesen Vertrag aus und setzen sich mit uns in Verbindung: <\/p>\n\n\n\n<p><strong><em>Tr\u00e4gerverein Dorfgemeinschaftshaus<br>Bohnenstra\u00dfe 1<br>\u202dTelefon: 02825 \/ 3070004\u202c<br>eMail: E-Mail: vorstand@dghub.de<\/em><\/strong><\/p>\n\n\n\n<div data-wp-interactive=\"core\/file\" class=\"wp-block-file\"><object data-wp-bind--hidden=\"!state.hasPdfPreview\" hidden class=\"wp-block-file__embed\" data=\"https:\/\/www.dghub.de\/wp-content\/uploads\/2025\/12\/0-Nutzungsvertrag-Stand-16.12.2025-.pdf\" type=\"application\/pdf\" style=\"width:100%;height:600px\" aria-label=\"Einbettung von 0 Nutzungsvertrag Stand 16.12.2025.\"><\/object><a id=\"wp-block-file--media-f74c6c0e-0814-46ea-a5e0-322878fabd16\" href=\"https:\/\/www.dghub.de\/wp-content\/uploads\/2025\/12\/0-Nutzungsvertrag-Stand-16.12.2025-.pdf\">0 Nutzungsvertrag Stand 16.12.2025<\/a><a href=\"https:\/\/www.dghub.de\/wp-content\/uploads\/2025\/12\/0-Nutzungsvertrag-Stand-16.12.2025-.pdf\" class=\"wp-block-file__button wp-element-button\" download aria-describedby=\"wp-block-file--media-f74c6c0e-0814-46ea-a5e0-322878fabd16\">Herunterladen<\/a><\/div>\n","protected":false},"excerpt":{"rendered":"<p>Sie m\u00f6chten unsere R\u00e4umlichkeiten mieten? Gerne! Dann f\u00fcllen Sie diesen Vertrag aus und setzen sich mit uns in Verbindung: Tr\u00e4gerverein DorfgemeinschaftshausBohnenstra\u00dfe 1\u202dTelefon: 02825 \/ 3070004\u202ceMail: &hellip; <\/p>\n","protected":false},"author":4,"featured_media":0,"parent":0,"menu_order":0,"comment_status":"closed","ping_status":"closed","template":"","meta":{"footnotes":""},"class_list":["post-2763","page","type-page","status-publish","hentry"],"_links":{"self":[{"href":"https:\/\/www.dghub.de\/index.php?rest_route=\/wp\/v2\/pages\/2763","targetHints":{"allow":["GET"]}}],"collection":[{"href":"https:\/\/www.dghub.de\/index.php?rest_route=\/wp\/v2\/pages"}],"about":[{"href":"https:\/\/www.dghub.de\/index.php?rest_route=\/wp\/v2\/types\/page"}],"author":[{"embeddable":true,"href":"https:\/\/www.dghub.de\/index.php?rest_route=\/wp\/v2\/users\/4"}],"replies":[{"embeddable":true,"href":"https:\/\/www.dghub.de\/index.php?rest_route=%2Fwp%2Fv2%2Fcomments&post=2763"}],"version-history":[{"count":2,"href":"https:\/\/www.dghub.de\/index.php?rest_route=\/wp\/v2\/pages\/2763\/revisions"}],"predecessor-version":[{"id":2768,"href":"https:\/\/www.dghub.de\/index.php?rest_route=\/wp\/v2\/pages\/2763\/revisions\/2768"}],"wp:attachment":[{"href":"https:\/\/www.dghub.de\/index.php?rest_route=%2Fwp%2Fv2%2Fmedia&parent=2763"}],"curies":[{"name":"wp","href":"https:\/\/api.w.org\/{rel}","templated":true}]}}