{"id":2491,"date":"2025-09-06T11:41:12","date_gmt":"2025-09-06T09:41:12","guid":{"rendered":"https:\/\/www.dghub.de\/?page_id=2491"},"modified":"2025-09-06T11:55:48","modified_gmt":"2025-09-06T09:55:48","slug":"das-dorfgemeinschaftshaus-uedemerbruch","status":"publish","type":"page","link":"https:\/\/www.dghub.de\/?page_id=2491","title":{"rendered":"Das Dorfgemeinschaftshaus Uedemerbruch"},"content":{"rendered":"\n<p>Das Dorfgemeinschaftshaus wurde durch die Gemeinde Uedem gebaut.Geholfen in vielen tausenden Stunden haben Uedemerbrucher und Freunde des Ortes an unendlichen Wochenenden und zwischendurch, damit dieses Haus dem Ort und den Menschen zur Verf\u00fcgung stehen kann. <\/p>\n\n\n\n<p>Hier treffen sich jeden Tag Menschen aus den unterschiedlichsten Gr\u00fcnden. Mal sind es der Kirchenchor oder der Musikverein, mal der Seniorensport oder der Sch\u00fctzenverein &#8211; t\u00e4glich unten im wettkampftauglichen Schie\u00dfkeller &#8211; oder es finden private Veranstaltungen statt: Geburtstage, Hochzeiten, Jubil\u00e4en etc. <\/p>\n\n\n\n<p>Sie haben Lust, sich das Haus anzuschauen und wollen es f\u00fcr sich buchen? Sehen Sie nach unter Informationen. Dort finden Sie schon einmal erste Infos zum Mieten des Hauses. Sehen Sie aber auch im Online-Kalender nach, ob Ihr Termin auch frei ist. Ansonsten &#8211; ganz einfach! Schreiben Sie eine <strong><em>eMail: <a href=\"mailto:vorstand@dghub.de\">vorstand@dghub.de<\/a> oder rufen Sie an: 02825\/307 000 4<\/em><\/strong><\/p>\n\n\n\n<figure class=\"wp-block-image size-large\"><img loading=\"lazy\" decoding=\"async\" width=\"1024\" height=\"768\" src=\"https:\/\/www.dghub.de\/wp-content\/uploads\/2025\/09\/5A700C1F-A1E1-44A3-93BC-1040ABE781DA-1024x768.jpg\" alt=\"\" class=\"wp-image-2493\" srcset=\"https:\/\/www.dghub.de\/wp-content\/uploads\/2025\/09\/5A700C1F-A1E1-44A3-93BC-1040ABE781DA-1024x768.jpg 1024w, https:\/\/www.dghub.de\/wp-content\/uploads\/2025\/09\/5A700C1F-A1E1-44A3-93BC-1040ABE781DA-300x225.jpg 300w, https:\/\/www.dghub.de\/wp-content\/uploads\/2025\/09\/5A700C1F-A1E1-44A3-93BC-1040ABE781DA-768x576.jpg 768w, https:\/\/www.dghub.de\/wp-content\/uploads\/2025\/09\/5A700C1F-A1E1-44A3-93BC-1040ABE781DA-1536x1152.jpg 1536w, https:\/\/www.dghub.de\/wp-content\/uploads\/2025\/09\/5A700C1F-A1E1-44A3-93BC-1040ABE781DA-2048x1536.jpg 2048w\" sizes=\"auto, (max-width: 1024px) 100vw, 1024px\" \/><\/figure>\n\n\n\n<figure class=\"wp-block-image size-large\"><img loading=\"lazy\" decoding=\"async\" width=\"768\" height=\"1024\" src=\"https:\/\/www.dghub.de\/wp-content\/uploads\/2025\/09\/8D942DF7-7458-42CA-9265-DD33C577E046-768x1024.jpg\" alt=\"\" class=\"wp-image-2494\" srcset=\"https:\/\/www.dghub.de\/wp-content\/uploads\/2025\/09\/8D942DF7-7458-42CA-9265-DD33C577E046-768x1024.jpg 768w, https:\/\/www.dghub.de\/wp-content\/uploads\/2025\/09\/8D942DF7-7458-42CA-9265-DD33C577E046-225x300.jpg 225w, https:\/\/www.dghub.de\/wp-content\/uploads\/2025\/09\/8D942DF7-7458-42CA-9265-DD33C577E046-1152x1536.jpg 1152w, https:\/\/www.dghub.de\/wp-content\/uploads\/2025\/09\/8D942DF7-7458-42CA-9265-DD33C577E046-1536x2048.jpg 1536w, https:\/\/www.dghub.de\/wp-content\/uploads\/2025\/09\/8D942DF7-7458-42CA-9265-DD33C577E046-scaled.jpg 1920w\" sizes=\"auto, (max-width: 768px) 100vw, 768px\" \/><\/figure>\n\n\n\n<figure class=\"wp-block-image size-large\"><img loading=\"lazy\" decoding=\"async\" width=\"1024\" height=\"768\" src=\"https:\/\/www.dghub.de\/wp-content\/uploads\/2025\/09\/9FDBF60D-BF72-4C55-A605-2D220D652BC2-1024x768.jpg\" alt=\"\" class=\"wp-image-2495\" srcset=\"https:\/\/www.dghub.de\/wp-content\/uploads\/2025\/09\/9FDBF60D-BF72-4C55-A605-2D220D652BC2-1024x768.jpg 1024w, https:\/\/www.dghub.de\/wp-content\/uploads\/2025\/09\/9FDBF60D-BF72-4C55-A605-2D220D652BC2-300x225.jpg 300w, https:\/\/www.dghub.de\/wp-content\/uploads\/2025\/09\/9FDBF60D-BF72-4C55-A605-2D220D652BC2-768x576.jpg 768w, https:\/\/www.dghub.de\/wp-content\/uploads\/2025\/09\/9FDBF60D-BF72-4C55-A605-2D220D652BC2-1536x1152.jpg 1536w, https:\/\/www.dghub.de\/wp-content\/uploads\/2025\/09\/9FDBF60D-BF72-4C55-A605-2D220D652BC2-2048x1536.jpg 2048w\" sizes=\"auto, (max-width: 1024px) 100vw, 1024px\" \/><\/figure>\n\n\n\n<figure class=\"wp-block-image size-large\"><img loading=\"lazy\" decoding=\"async\" width=\"768\" height=\"1024\" src=\"https:\/\/www.dghub.de\/wp-content\/uploads\/2025\/09\/71E22F9B-E497-4064-8B6A-1D4353FAD842-768x1024.jpg\" alt=\"\" class=\"wp-image-2496\" srcset=\"https:\/\/www.dghub.de\/wp-content\/uploads\/2025\/09\/71E22F9B-E497-4064-8B6A-1D4353FAD842-768x1024.jpg 768w, https:\/\/www.dghub.de\/wp-content\/uploads\/2025\/09\/71E22F9B-E497-4064-8B6A-1D4353FAD842-225x300.jpg 225w, https:\/\/www.dghub.de\/wp-content\/uploads\/2025\/09\/71E22F9B-E497-4064-8B6A-1D4353FAD842-1152x1536.jpg 1152w, https:\/\/www.dghub.de\/wp-content\/uploads\/2025\/09\/71E22F9B-E497-4064-8B6A-1D4353FAD842-1536x2048.jpg 1536w, https:\/\/www.dghub.de\/wp-content\/uploads\/2025\/09\/71E22F9B-E497-4064-8B6A-1D4353FAD842-scaled.jpg 1920w\" sizes=\"auto, (max-width: 768px) 100vw, 768px\" \/><\/figure>\n\n\n\n<figure class=\"wp-block-image size-large\"><img loading=\"lazy\" decoding=\"async\" width=\"1024\" height=\"768\" src=\"https:\/\/www.dghub.de\/wp-content\/uploads\/2025\/09\/75DFE017-8976-4B01-8001-1DA60CCC2AD6-1024x768.jpg\" alt=\"\" class=\"wp-image-2497\" srcset=\"https:\/\/www.dghub.de\/wp-content\/uploads\/2025\/09\/75DFE017-8976-4B01-8001-1DA60CCC2AD6-1024x768.jpg 1024w, https:\/\/www.dghub.de\/wp-content\/uploads\/2025\/09\/75DFE017-8976-4B01-8001-1DA60CCC2AD6-300x225.jpg 300w, https:\/\/www.dghub.de\/wp-content\/uploads\/2025\/09\/75DFE017-8976-4B01-8001-1DA60CCC2AD6-768x576.jpg 768w, https:\/\/www.dghub.de\/wp-content\/uploads\/2025\/09\/75DFE017-8976-4B01-8001-1DA60CCC2AD6-1536x1152.jpg 1536w, https:\/\/www.dghub.de\/wp-content\/uploads\/2025\/09\/75DFE017-8976-4B01-8001-1DA60CCC2AD6-2048x1536.jpg 2048w\" sizes=\"auto, (max-width: 1024px) 100vw, 1024px\" \/><\/figure>\n\n\n\n<figure class=\"wp-block-image size-large\"><img loading=\"lazy\" decoding=\"async\" width=\"1024\" height=\"768\" src=\"https:\/\/www.dghub.de\/wp-content\/uploads\/2025\/09\/097E97D5-F64E-4781-9AB3-860D05B918BA-1024x768.jpg\" alt=\"\" class=\"wp-image-2498\" srcset=\"https:\/\/www.dghub.de\/wp-content\/uploads\/2025\/09\/097E97D5-F64E-4781-9AB3-860D05B918BA-1024x768.jpg 1024w, https:\/\/www.dghub.de\/wp-content\/uploads\/2025\/09\/097E97D5-F64E-4781-9AB3-860D05B918BA-300x225.jpg 300w, https:\/\/www.dghub.de\/wp-content\/uploads\/2025\/09\/097E97D5-F64E-4781-9AB3-860D05B918BA-768x576.jpg 768w, https:\/\/www.dghub.de\/wp-content\/uploads\/2025\/09\/097E97D5-F64E-4781-9AB3-860D05B918BA-1536x1152.jpg 1536w, https:\/\/www.dghub.de\/wp-content\/uploads\/2025\/09\/097E97D5-F64E-4781-9AB3-860D05B918BA-2048x1536.jpg 2048w\" sizes=\"auto, (max-width: 1024px) 100vw, 1024px\" \/><\/figure>\n\n\n\n<figure class=\"wp-block-image size-large\"><img loading=\"lazy\" decoding=\"async\" width=\"1024\" height=\"768\" src=\"https:\/\/www.dghub.de\/wp-content\/uploads\/2025\/09\/B13948AE-35F9-4FCF-8860-F3BE4AF667DC-1024x768.jpg\" alt=\"\" class=\"wp-image-2499\" srcset=\"https:\/\/www.dghub.de\/wp-content\/uploads\/2025\/09\/B13948AE-35F9-4FCF-8860-F3BE4AF667DC-1024x768.jpg 1024w, https:\/\/www.dghub.de\/wp-content\/uploads\/2025\/09\/B13948AE-35F9-4FCF-8860-F3BE4AF667DC-300x225.jpg 300w, https:\/\/www.dghub.de\/wp-content\/uploads\/2025\/09\/B13948AE-35F9-4FCF-8860-F3BE4AF667DC-768x576.jpg 768w, https:\/\/www.dghub.de\/wp-content\/uploads\/2025\/09\/B13948AE-35F9-4FCF-8860-F3BE4AF667DC-1536x1152.jpg 1536w, https:\/\/www.dghub.de\/wp-content\/uploads\/2025\/09\/B13948AE-35F9-4FCF-8860-F3BE4AF667DC-2048x1536.jpg 2048w\" sizes=\"auto, (max-width: 1024px) 100vw, 1024px\" \/><\/figure>\n\n\n\n<figure class=\"wp-block-image size-large\"><img loading=\"lazy\" decoding=\"async\" width=\"768\" height=\"1024\" src=\"https:\/\/www.dghub.de\/wp-content\/uploads\/2025\/09\/F345CCF9-135E-4A4E-B4FF-86087B2E35D4-768x1024.jpg\" alt=\"\" class=\"wp-image-2500\" srcset=\"https:\/\/www.dghub.de\/wp-content\/uploads\/2025\/09\/F345CCF9-135E-4A4E-B4FF-86087B2E35D4-768x1024.jpg 768w, https:\/\/www.dghub.de\/wp-content\/uploads\/2025\/09\/F345CCF9-135E-4A4E-B4FF-86087B2E35D4-225x300.jpg 225w, https:\/\/www.dghub.de\/wp-content\/uploads\/2025\/09\/F345CCF9-135E-4A4E-B4FF-86087B2E35D4-1152x1536.jpg 1152w, https:\/\/www.dghub.de\/wp-content\/uploads\/2025\/09\/F345CCF9-135E-4A4E-B4FF-86087B2E35D4-1536x2048.jpg 1536w, https:\/\/www.dghub.de\/wp-content\/uploads\/2025\/09\/F345CCF9-135E-4A4E-B4FF-86087B2E35D4-scaled.jpg 1920w\" sizes=\"auto, (max-width: 768px) 100vw, 768px\" \/><\/figure>\n\n\n\n<figure class=\"wp-block-image size-large\"><img loading=\"lazy\" decoding=\"async\" width=\"768\" height=\"1024\" src=\"https:\/\/www.dghub.de\/wp-content\/uploads\/2025\/09\/FC36B247-3A04-457B-95F5-0B5F38EBBEFC-768x1024.jpg\" alt=\"\" class=\"wp-image-2501\" srcset=\"https:\/\/www.dghub.de\/wp-content\/uploads\/2025\/09\/FC36B247-3A04-457B-95F5-0B5F38EBBEFC-768x1024.jpg 768w, https:\/\/www.dghub.de\/wp-content\/uploads\/2025\/09\/FC36B247-3A04-457B-95F5-0B5F38EBBEFC-225x300.jpg 225w, https:\/\/www.dghub.de\/wp-content\/uploads\/2025\/09\/FC36B247-3A04-457B-95F5-0B5F38EBBEFC-1152x1536.jpg 1152w, https:\/\/www.dghub.de\/wp-content\/uploads\/2025\/09\/FC36B247-3A04-457B-95F5-0B5F38EBBEFC-1536x2048.jpg 1536w, https:\/\/www.dghub.de\/wp-content\/uploads\/2025\/09\/FC36B247-3A04-457B-95F5-0B5F38EBBEFC-scaled.jpg 1920w\" sizes=\"auto, (max-width: 768px) 100vw, 768px\" \/><\/figure>\n\n\n\n<figure class=\"wp-block-image size-large\"><img loading=\"lazy\" decoding=\"async\" width=\"1024\" height=\"768\" src=\"https:\/\/www.dghub.de\/wp-content\/uploads\/2025\/09\/4BD5A809-225F-45B7-928A-4C5004A6DCB3-1-1024x768.jpg\" alt=\"\" class=\"wp-image-2502\" srcset=\"https:\/\/www.dghub.de\/wp-content\/uploads\/2025\/09\/4BD5A809-225F-45B7-928A-4C5004A6DCB3-1-1024x768.jpg 1024w, https:\/\/www.dghub.de\/wp-content\/uploads\/2025\/09\/4BD5A809-225F-45B7-928A-4C5004A6DCB3-1-300x225.jpg 300w, https:\/\/www.dghub.de\/wp-content\/uploads\/2025\/09\/4BD5A809-225F-45B7-928A-4C5004A6DCB3-1-768x576.jpg 768w, https:\/\/www.dghub.de\/wp-content\/uploads\/2025\/09\/4BD5A809-225F-45B7-928A-4C5004A6DCB3-1-1536x1152.jpg 1536w, https:\/\/www.dghub.de\/wp-content\/uploads\/2025\/09\/4BD5A809-225F-45B7-928A-4C5004A6DCB3-1-2048x1536.jpg 2048w\" sizes=\"auto, (max-width: 1024px) 100vw, 1024px\" \/><\/figure>\n\n\n\n<figure class=\"wp-block-image size-large\"><img loading=\"lazy\" decoding=\"async\" width=\"1024\" height=\"768\" src=\"https:\/\/www.dghub.de\/wp-content\/uploads\/2025\/09\/IMG_5411-1-1024x768.jpg\" alt=\"\" class=\"wp-image-2505\" srcset=\"https:\/\/www.dghub.de\/wp-content\/uploads\/2025\/09\/IMG_5411-1-1024x768.jpg 1024w, https:\/\/www.dghub.de\/wp-content\/uploads\/2025\/09\/IMG_5411-1-300x225.jpg 300w, https:\/\/www.dghub.de\/wp-content\/uploads\/2025\/09\/IMG_5411-1-768x576.jpg 768w, https:\/\/www.dghub.de\/wp-content\/uploads\/2025\/09\/IMG_5411-1-1536x1152.jpg 1536w, https:\/\/www.dghub.de\/wp-content\/uploads\/2025\/09\/IMG_5411-1-2048x1536.jpg 2048w\" sizes=\"auto, (max-width: 1024px) 100vw, 1024px\" \/><\/figure>\n\n\n\n<figure class=\"wp-block-image size-large\"><img loading=\"lazy\" decoding=\"async\" width=\"1024\" height=\"768\" src=\"https:\/\/www.dghub.de\/wp-content\/uploads\/2025\/09\/IMG_5082-1024x768.jpg\" alt=\"\" class=\"wp-image-2506\" srcset=\"https:\/\/www.dghub.de\/wp-content\/uploads\/2025\/09\/IMG_5082-1024x768.jpg 1024w, https:\/\/www.dghub.de\/wp-content\/uploads\/2025\/09\/IMG_5082-300x225.jpg 300w, https:\/\/www.dghub.de\/wp-content\/uploads\/2025\/09\/IMG_5082-768x576.jpg 768w, https:\/\/www.dghub.de\/wp-content\/uploads\/2025\/09\/IMG_5082-1536x1152.jpg 1536w, https:\/\/www.dghub.de\/wp-content\/uploads\/2025\/09\/IMG_5082-2048x1536.jpg 2048w\" sizes=\"auto, (max-width: 1024px) 100vw, 1024px\" \/><\/figure>\n\n\n\n<figure class=\"wp-block-image size-large\"><img loading=\"lazy\" decoding=\"async\" width=\"1024\" height=\"768\" src=\"https:\/\/www.dghub.de\/wp-content\/uploads\/2025\/09\/IMG_5084-1024x768.jpg\" alt=\"\" class=\"wp-image-2507\" srcset=\"https:\/\/www.dghub.de\/wp-content\/uploads\/2025\/09\/IMG_5084-1024x768.jpg 1024w, https:\/\/www.dghub.de\/wp-content\/uploads\/2025\/09\/IMG_5084-300x225.jpg 300w, https:\/\/www.dghub.de\/wp-content\/uploads\/2025\/09\/IMG_5084-768x576.jpg 768w, https:\/\/www.dghub.de\/wp-content\/uploads\/2025\/09\/IMG_5084-1536x1152.jpg 1536w, https:\/\/www.dghub.de\/wp-content\/uploads\/2025\/09\/IMG_5084-2048x1536.jpg 2048w\" sizes=\"auto, (max-width: 1024px) 100vw, 1024px\" \/><\/figure>\n\n\n\n<figure class=\"wp-block-image size-large\"><img loading=\"lazy\" decoding=\"async\" width=\"1024\" height=\"768\" src=\"https:\/\/www.dghub.de\/wp-content\/uploads\/2025\/09\/IMG_5407-1-1024x768.jpg\" alt=\"\" class=\"wp-image-2508\" srcset=\"https:\/\/www.dghub.de\/wp-content\/uploads\/2025\/09\/IMG_5407-1-1024x768.jpg 1024w, https:\/\/www.dghub.de\/wp-content\/uploads\/2025\/09\/IMG_5407-1-300x225.jpg 300w, https:\/\/www.dghub.de\/wp-content\/uploads\/2025\/09\/IMG_5407-1-768x576.jpg 768w, https:\/\/www.dghub.de\/wp-content\/uploads\/2025\/09\/IMG_5407-1-1536x1152.jpg 1536w, https:\/\/www.dghub.de\/wp-content\/uploads\/2025\/09\/IMG_5407-1-2048x1536.jpg 2048w\" sizes=\"auto, (max-width: 1024px) 100vw, 1024px\" \/><\/figure>\n","protected":false},"excerpt":{"rendered":"<p>Das Dorfgemeinschaftshaus wurde durch die Gemeinde Uedem gebaut.Geholfen in vielen tausenden Stunden haben Uedemerbrucher und Freunde des Ortes an unendlichen Wochenenden und zwischendurch, damit dieses &hellip; <\/p>\n","protected":false},"author":4,"featured_media":2497,"parent":0,"menu_order":0,"comment_status":"closed","ping_status":"closed","template":"","meta":{"footnotes":""},"class_list":["post-2491","page","type-page","status-publish","has-post-thumbnail","hentry"],"_links":{"self":[{"href":"https:\/\/www.dghub.de\/index.php?rest_route=\/wp\/v2\/pages\/2491","targetHints":{"allow":["GET"]}}],"collection":[{"href":"https:\/\/www.dghub.de\/index.php?rest_route=\/wp\/v2\/pages"}],"about":[{"href":"https:\/\/www.dghub.de\/index.php?rest_route=\/wp\/v2\/types\/page"}],"author":[{"embeddable":true,"href":"https:\/\/www.dghub.de\/index.php?rest_route=\/wp\/v2\/users\/4"}],"replies":[{"embeddable":true,"href":"https:\/\/www.dghub.de\/index.php?rest_route=%2Fwp%2Fv2%2Fcomments&post=2491"}],"version-history":[{"count":2,"href":"https:\/\/www.dghub.de\/index.php?rest_route=\/wp\/v2\/pages\/2491\/revisions"}],"predecessor-version":[{"id":2509,"href":"https:\/\/www.dghub.de\/index.php?rest_route=\/wp\/v2\/pages\/2491\/revisions\/2509"}],"wp:featuredmedia":[{"embeddable":true,"href":"https:\/\/www.dghub.de\/index.php?rest_route=\/wp\/v2\/media\/2497"}],"wp:attachment":[{"href":"https:\/\/www.dghub.de\/index.php?rest_route=%2Fwp%2Fv2%2Fmedia&parent=2491"}],"curies":[{"name":"wp","href":"https:\/\/api.w.org\/{rel}","templated":true}]}}