{"id":2482,"date":"2025-09-06T11:20:01","date_gmt":"2025-09-06T09:20:01","guid":{"rendered":"https:\/\/www.dghub.de\/?page_id=2482"},"modified":"2026-03-14T08:54:52","modified_gmt":"2026-03-14T07:54:52","slug":"dorfgemeinschaftshaus-hier-sind-sie-goldrichtig","status":"publish","type":"page","link":"https:\/\/www.dghub.de\/?page_id=2482","title":{"rendered":"Dorfgemeinschaftshaus &#8211; R\u00fcckmeldungen"},"content":{"rendered":"\n<p>Ob eine Geburtstagsfeier oder Hochzeitsfeier, ob eine gesch\u00e4ftliche Veranstaltung oder sonst etwas &#8211; im Dorfgemeinschaftshaus Uedemerbruch kann man sich mehr als gut einfinden und seine Feierlichkeit steigen lassen.<\/p>\n\n\n\n<p><strong><em>Hier R\u00fcckmeldungen zum Dorfgemeinschaftshaus<\/em><\/strong><\/p>\n\n\n\n<p><\/p>\n\n\n\n<ol class=\"wp-block-list\">\n<li><strong>Tolle Location mit flexibler Raumgestaltung. <\/strong><br>Optimal f\u00fcr Feiern von Geburtstagen, Familienfeiern und \u00c4hnliches. Faire Preisgestaltung und eine gute Betreuung vor, w\u00e4hrend und nach der Veranstaltung.<br>Komme gerne wieder.<br><\/li>\n\n\n\n<li><strong>Im DGH l\u00e4\u00dft sich gut feiern. <\/strong><br>Die R\u00e4ume sind hell, freundlich, technisch gut ausgestattet und sehr flexibel nutzbar. Wir hatten f\u00fcr alle Fragen nette Ansprechpartner und haben eine wunderbare Silberhochzeit dort gefeiert. <br><\/li>\n\n\n\n<li><strong>Gem\u00fctliche helle R\u00e4umlichkeiten f\u00fcr jeden Anlass<\/strong><br>Wir k\u00f6nnen das Dorfgemeinschaftshaus nur empfehlen. Das Team sowie das Haus sind einfach wunderbar.Neben den verschiedenen R\u00e4umen, die alle sehr gut zu kombinieren sind, ist die Lage und die vorhandenen Parkm\u00f6glichkeiten ideal.<br>Neben der \u00fcblichen Bestuhlung gibt es auch eine gute Anzahl an Stehtischen, sodass man verschiedene M\u00f6glichkeiten der Gestaltung hat. Wir haben den Thekenraum und das Foyer genutzt. Es war ein wundersch\u00f6ner Abend in einer tollen Location.<br>Herzlichen Dank<br><\/li>\n\n\n\n<li><strong>Gelungene Feier auf gutem Parkett<\/strong><br>Das Dorfgemeinschaftshaus ist ein gut gelungener und Ort f\u00fcr Veranstaltungen. Es ist behindertengerecht eingerichtet und man kann in kleinem, als auch in gro\u00dfem Stil dort feiern. Es ist sehr gem\u00fctlich und sauber! Wir waren mit knapp \u00fcber 40 Leuten dort und haben Thekenbereich und Lounge gemietet, was optimal war. Sch\u00f6n und zeitsparend ist es, dass man sich um Getr\u00e4nke (au\u00dfer dass man sie vorher ausw\u00e4hlen muss) nicht k\u00fcmmern muss. Dazu sind dort sympathische, f\u00e4hige Leute, die sich k\u00fcmmern.<br><\/li>\n\n\n\n<li>Meike und Rieke hatten eine sehr sch\u00f6ne Geburtstagsfeier und waren mit allem zufrieden.\u00a0Es sind sehr sch\u00f6ne R\u00e4umlichkeiten zum Feiern f\u00fcr Jung und Alt.<br><\/li>\n<\/ol>\n\n\n\n<figure class=\"wp-block-image size-large\"><img loading=\"lazy\" decoding=\"async\" width=\"1024\" height=\"768\" src=\"https:\/\/www.dghub.de\/wp-content\/uploads\/2025\/09\/IMG_5409-1024x768.jpg\" alt=\"\" class=\"wp-image-2484\" srcset=\"https:\/\/www.dghub.de\/wp-content\/uploads\/2025\/09\/IMG_5409-1024x768.jpg 1024w, https:\/\/www.dghub.de\/wp-content\/uploads\/2025\/09\/IMG_5409-300x225.jpg 300w, https:\/\/www.dghub.de\/wp-content\/uploads\/2025\/09\/IMG_5409-768x576.jpg 768w, https:\/\/www.dghub.de\/wp-content\/uploads\/2025\/09\/IMG_5409-1536x1152.jpg 1536w, https:\/\/www.dghub.de\/wp-content\/uploads\/2025\/09\/IMG_5409-2048x1536.jpg 2048w\" sizes=\"auto, (max-width: 1024px) 100vw, 1024px\" \/><\/figure>\n\n\n\n<figure class=\"wp-block-image size-large\"><img loading=\"lazy\" decoding=\"async\" width=\"1024\" height=\"768\" src=\"https:\/\/www.dghub.de\/wp-content\/uploads\/2025\/09\/IMG_5411-1024x768.jpg\" alt=\"\" class=\"wp-image-2485\" srcset=\"https:\/\/www.dghub.de\/wp-content\/uploads\/2025\/09\/IMG_5411-1024x768.jpg 1024w, https:\/\/www.dghub.de\/wp-content\/uploads\/2025\/09\/IMG_5411-300x225.jpg 300w, https:\/\/www.dghub.de\/wp-content\/uploads\/2025\/09\/IMG_5411-768x576.jpg 768w, https:\/\/www.dghub.de\/wp-content\/uploads\/2025\/09\/IMG_5411-1536x1152.jpg 1536w, https:\/\/www.dghub.de\/wp-content\/uploads\/2025\/09\/IMG_5411-2048x1536.jpg 2048w\" sizes=\"auto, (max-width: 1024px) 100vw, 1024px\" \/><\/figure>\n\n\n\n<figure class=\"wp-block-image size-large\"><img loading=\"lazy\" decoding=\"async\" width=\"1024\" height=\"768\" src=\"https:\/\/www.dghub.de\/wp-content\/uploads\/2025\/09\/IMG_5418-1024x768.jpg\" alt=\"\" class=\"wp-image-2486\" srcset=\"https:\/\/www.dghub.de\/wp-content\/uploads\/2025\/09\/IMG_5418-1024x768.jpg 1024w, https:\/\/www.dghub.de\/wp-content\/uploads\/2025\/09\/IMG_5418-300x225.jpg 300w, https:\/\/www.dghub.de\/wp-content\/uploads\/2025\/09\/IMG_5418-768x576.jpg 768w, https:\/\/www.dghub.de\/wp-content\/uploads\/2025\/09\/IMG_5418-1536x1152.jpg 1536w, https:\/\/www.dghub.de\/wp-content\/uploads\/2025\/09\/IMG_5418-rotated.jpg 2016w\" sizes=\"auto, (max-width: 1024px) 100vw, 1024px\" \/><\/figure>\n\n\n\n<figure class=\"wp-block-image size-large\"><img loading=\"lazy\" decoding=\"async\" width=\"1024\" height=\"768\" src=\"https:\/\/www.dghub.de\/wp-content\/uploads\/2025\/09\/IMG_5419-1024x768.jpg\" alt=\"\" class=\"wp-image-2487\" srcset=\"https:\/\/www.dghub.de\/wp-content\/uploads\/2025\/09\/IMG_5419-1024x768.jpg 1024w, https:\/\/www.dghub.de\/wp-content\/uploads\/2025\/09\/IMG_5419-300x225.jpg 300w, https:\/\/www.dghub.de\/wp-content\/uploads\/2025\/09\/IMG_5419-768x576.jpg 768w, https:\/\/www.dghub.de\/wp-content\/uploads\/2025\/09\/IMG_5419-1536x1152.jpg 1536w, https:\/\/www.dghub.de\/wp-content\/uploads\/2025\/09\/IMG_5419-2048x1536.jpg 2048w\" sizes=\"auto, (max-width: 1024px) 100vw, 1024px\" \/><\/figure>\n\n\n\n<figure class=\"wp-block-image size-large\"><img loading=\"lazy\" decoding=\"async\" width=\"1024\" height=\"768\" src=\"https:\/\/www.dghub.de\/wp-content\/uploads\/2025\/09\/IMG_5420-1024x768.jpg\" alt=\"\" class=\"wp-image-2488\" srcset=\"https:\/\/www.dghub.de\/wp-content\/uploads\/2025\/09\/IMG_5420-1024x768.jpg 1024w, https:\/\/www.dghub.de\/wp-content\/uploads\/2025\/09\/IMG_5420-300x225.jpg 300w, https:\/\/www.dghub.de\/wp-content\/uploads\/2025\/09\/IMG_5420-768x576.jpg 768w, https:\/\/www.dghub.de\/wp-content\/uploads\/2025\/09\/IMG_5420-1536x1152.jpg 1536w, https:\/\/www.dghub.de\/wp-content\/uploads\/2025\/09\/IMG_5420-2048x1536.jpg 2048w\" sizes=\"auto, (max-width: 1024px) 100vw, 1024px\" \/><\/figure>\n\n\n\n<p><\/p>\n\n\n\n<p><\/p>\n","protected":false},"excerpt":{"rendered":"<p>Ob eine Geburtstagsfeier oder Hochzeitsfeier, ob eine gesch\u00e4ftliche Veranstaltung oder sonst etwas &#8211; im Dorfgemeinschaftshaus Uedemerbruch kann man sich mehr als gut einfinden und seine &hellip; <\/p>\n","protected":false},"author":4,"featured_media":2483,"parent":0,"menu_order":0,"comment_status":"closed","ping_status":"closed","template":"","meta":{"footnotes":""},"class_list":["post-2482","page","type-page","status-publish","has-post-thumbnail","hentry"],"_links":{"self":[{"href":"https:\/\/www.dghub.de\/index.php?rest_route=\/wp\/v2\/pages\/2482","targetHints":{"allow":["GET"]}}],"collection":[{"href":"https:\/\/www.dghub.de\/index.php?rest_route=\/wp\/v2\/pages"}],"about":[{"href":"https:\/\/www.dghub.de\/index.php?rest_route=\/wp\/v2\/types\/page"}],"author":[{"embeddable":true,"href":"https:\/\/www.dghub.de\/index.php?rest_route=\/wp\/v2\/users\/4"}],"replies":[{"embeddable":true,"href":"https:\/\/www.dghub.de\/index.php?rest_route=%2Fwp%2Fv2%2Fcomments&post=2482"}],"version-history":[{"count":10,"href":"https:\/\/www.dghub.de\/index.php?rest_route=\/wp\/v2\/pages\/2482\/revisions"}],"predecessor-version":[{"id":2859,"href":"https:\/\/www.dghub.de\/index.php?rest_route=\/wp\/v2\/pages\/2482\/revisions\/2859"}],"wp:featuredmedia":[{"embeddable":true,"href":"https:\/\/www.dghub.de\/index.php?rest_route=\/wp\/v2\/media\/2483"}],"wp:attachment":[{"href":"https:\/\/www.dghub.de\/index.php?rest_route=%2Fwp%2Fv2%2Fmedia&parent=2482"}],"curies":[{"name":"wp","href":"https:\/\/api.w.org\/{rel}","templated":true}]}}